{"id":79,"date":"2016-06-18T13:22:37","date_gmt":"2016-06-18T13:22:37","guid":{"rendered":"http:\/\/pdewenter.de\/?page_id=79"},"modified":"2016-06-18T13:28:51","modified_gmt":"2016-06-18T13:28:51","slug":"wie-geht-es-ihnen","status":"publish","type":"page","link":"https:\/\/pdewenter.de\/?page_id=79","title":{"rendered":"Wie geht es Ihnen?"},"content":{"rendered":"<p>&nbsp;<\/p>\n<p><span style=\"color: #0000ff;\"><strong><img loading=\"lazy\" class=\"alignright size-thumbnail wp-image-18\" src=\"http:\/\/pdewenter.de\/wp-content\/uploads\/2016\/06\/PDE-Logo-klein-150x150.jpg\" alt=\"PDE-Logo-klein\" width=\"150\" height=\"150\" \/>Wie geht es Ihnen?<\/strong><\/span><br \/>\n<span style=\"color: #0000ff;\"> <strong> \u00a0\u00a0 <span style=\"color: #ff9900;\">Was besch\u00e4ftigt Sie?<\/span><\/strong><\/span><br \/>\n<span style=\"color: #0000ff;\"> <strong>\u00a0 \u00a0 \u00a0 \u00a0 <span style=\"color: #ff0000;\">Wor\u00fcber denken Sie nach?<\/span><\/strong><\/span><\/p>\n<ul>\n<li>Stehen Sie vor einer Entscheidung und m\u00f6chten sich<br \/>\nin dieser Situation\u00a0mit einer neutralen Person beraten?<\/li>\n<\/ul>\n<ul>\n<li>Oder haben Sie ein Ziel und<br \/>\nw\u00fcnschen sich Hilfestellung auf der<br \/>\nSuche nach Ihrem eigenen Weg dorthin?<\/li>\n<\/ul>\n<ul>\n<li>Oder m\u00f6chten Sie sich pers\u00f6nlich<br \/>\nweiter entwickeln und suchen<br \/>\nUnterst\u00fctzung auf Ihrem Weg?<\/li>\n<\/ul>\n<ul>\n<li>Oder w\u00fcnschen Sie sich aus anderen Gr\u00fcnden ein aufmerksames Gegen\u00fcber<br \/>\nund wertsch\u00e4tzende R\u00fcckmeldungen, um Ihre Gedanken leichter ordnen zu k\u00f6nnen?<\/li>\n<\/ul>\n<p>&nbsp;<\/p>\n<ul>\n<li>Trifft das so oder so \u00e4hnlich\u00a0im Moment auf Sie zu?<\/li>\n<\/ul>\n<p><strong>In diesem Fall\u00a0biete ich Ihnen mein Wissen\u00a0und meine Kompetenzen\u00a0als Beraterin und Coach an!<\/strong><\/p>\n","protected":false},"excerpt":{"rendered":"<p>&nbsp; Wie geht es Ihnen? \u00a0\u00a0 Was besch\u00e4ftigt Sie? \u00a0 \u00a0 \u00a0 \u00a0 Wor\u00fcber denken Sie nach? Stehen Sie vor einer Entscheidung und m\u00f6chten sich in dieser Situation\u00a0mit einer neutralen Person beraten? Oder haben Sie ein Ziel und w\u00fcnschen sich Hilfestellung auf der Suche nach Ihrem eigenen Weg dorthin? Oder m\u00f6chten Sie sich pers\u00f6nlich weiter [&hellip;]<\/p>\n","protected":false},"author":1,"featured_media":0,"parent":0,"menu_order":0,"comment_status":"closed","ping_status":"closed","template":"","meta":[],"_links":{"self":[{"href":"https:\/\/pdewenter.de\/index.php?rest_route=\/wp\/v2\/pages\/79"}],"collection":[{"href":"https:\/\/pdewenter.de\/index.php?rest_route=\/wp\/v2\/pages"}],"about":[{"href":"https:\/\/pdewenter.de\/index.php?rest_route=\/wp\/v2\/types\/page"}],"author":[{"embeddable":true,"href":"https:\/\/pdewenter.de\/index.php?rest_route=\/wp\/v2\/users\/1"}],"replies":[{"embeddable":true,"href":"https:\/\/pdewenter.de\/index.php?rest_route=%2Fwp%2Fv2%2Fcomments&post=79"}],"version-history":[{"count":6,"href":"https:\/\/pdewenter.de\/index.php?rest_route=\/wp\/v2\/pages\/79\/revisions"}],"predecessor-version":[{"id":85,"href":"https:\/\/pdewenter.de\/index.php?rest_route=\/wp\/v2\/pages\/79\/revisions\/85"}],"wp:attachment":[{"href":"https:\/\/pdewenter.de\/index.php?rest_route=%2Fwp%2Fv2%2Fmedia&parent=79"}],"curies":[{"name":"wp","href":"https:\/\/api.w.org\/{rel}","templated":true}]}}